{"id":1124,"date":"2023-11-04T12:20:00","date_gmt":"2023-11-04T17:20:00","guid":{"rendered":"https:\/\/iotradingtools.com\/?page_id=1124"},"modified":"2024-01-02T16:57:25","modified_gmt":"2024-01-02T21:57:25","slug":"politica-de-seguridad-y-tratamiento-de-datos","status":"publish","type":"page","link":"https:\/\/iotradingtools.com\/en\/politica-de-seguridad-y-tratamiento-de-datos\/","title":{"rendered":"Security and Data Processing Policy"},"content":{"rendered":"<div data-elementor-type=\"wp-page\" data-elementor-id=\"1124\" class=\"elementor elementor-1124\" data-elementor-post-type=\"page\">\n\t\t\t\t<div class=\"elementor-element elementor-element-5b408317 e-flex e-con-boxed e-con e-parent\" data-id=\"5b408317\" data-element_type=\"container\">\n\t\t\t\t\t<div class=\"e-con-inner\">\n\t\t\t\t<div class=\"elementor-element elementor-element-1373183a textopoliticas elementor-widget elementor-widget-text-editor\" data-id=\"1373183a\" data-element_type=\"widget\" data-widget_type=\"text-editor.default\">\n\t\t\t\t<div class=\"elementor-widget-container\">\n\t\t\t<style>\/*! elementor - v3.21.0 - 26-05-2024 *\/\n.elementor-widget-text-editor.elementor-drop-cap-view-stacked .elementor-drop-cap{background-color:#69727d;color:#fff}.elementor-widget-text-editor.elementor-drop-cap-view-framed .elementor-drop-cap{color:#69727d;border:3px solid;background-color:transparent}.elementor-widget-text-editor:not(.elementor-drop-cap-view-default) .elementor-drop-cap{margin-top:8px}.elementor-widget-text-editor:not(.elementor-drop-cap-view-default) .elementor-drop-cap-letter{width:1em;height:1em}.elementor-widget-text-editor .elementor-drop-cap{float:left;text-align:center;line-height:1;font-size:50px}.elementor-widget-text-editor .elementor-drop-cap-letter{display:inline-block}<\/style>\t\t\t\t<div class=\"flex-col gap-1 md:gap-3\">\n<div class=\"flex flex-grow flex-col gap-3 max-w-full\">\n<div class=\"min-h-[20px] flex flex-col items-start gap-3 whitespace-pre-wrap break-words overflow-x-auto\" data-message-author-role=\"assistant\" data-message-id=\"764d7fe1-1cc0-4eb0-92d5-1ccee4f299dd\">\n<div class=\"markdown prose w-full break-words dark:prose-invert dark\">\n<p><strong>Recopilaci\u00f3n de Datos:<\/strong><\/p>\n<ul>\n<li style=\"list-style-type: none;\">\n<ul>\n<li>Recopilamos datos a trav\u00e9s de Google Analytics, AdSense, AdWords, Search Console y Clarity para mejorar la experiencia del usuario en nuestro sitio web.<\/li>\n<\/ul>\n<\/li>\n<\/ul>\n<p><strong>Uso de Datos:<\/strong><\/p>\n<p>Utilizamos los datos recopilados para an\u00e1lisis internos y para personalizar la experiencia del usuario en nuestro sitio web.<\/p>\n<p><strong>Compartir Datos:<\/strong><\/p>\n<p>No compartimos la informaci\u00f3n recopilada con terceros para fines de marketing u otros prop\u00f3sitos.<\/p>\n<p><strong>Seguridad de Datos:<\/strong><\/p>\n<p>Implementamos medidas de seguridad f\u00edsicas, electr\u00f3nicas y administrativas para proteger los datos recopilados contra accesos no autorizados, divulgaci\u00f3n, alteraci\u00f3n y destrucci\u00f3n.<\/p>\n<p>Utilizamos firewalls y encriptaci\u00f3n para proteger la transmisi\u00f3n de datos sensibles.<\/p>\n<p>Limitamos el acceso a la informaci\u00f3n personal solo a empleados autorizados que necesitan procesarla para proporcionar servicios.<\/p>\n<p><strong>Almacenamiento de Datos:<\/strong><\/p>\n<p>Almacenamos los datos recopilados en servidores seguros y restringimos el acceso a estos servidores para mantener la confidencialidad de la informaci\u00f3n.<\/p>\n<p><strong>Consentimiento y Control del Usuario:<\/strong><\/p>\n<p>Al proporcionar tus datos, aceptas nuestra pol\u00edtica de privacidad y t\u00e9rminos y condiciones.<\/p>\n<p>Puedes solicitar detalles sobre los datos que tenemos sobre ti en cualquier momento.<\/p>\n<p>Si encuentras que la informaci\u00f3n que tenemos sobre ti es incorrecta o incompleta, por favor, escr\u00edbenos lo antes posible. Corregiremos cualquier informaci\u00f3n incorrecta.<\/p>\n<p><strong>Contacto:<\/strong><\/p>\n<ul>\n<li style=\"list-style-type: none;\">\n<ul>\n<li style=\"list-style-type: none;\">\n<ul>\n<li>Si tienes preguntas sobre nuestra pol\u00edtica de privacidad, t\u00e9rminos y condiciones, o pr\u00e1cticas de seguridad de datos, por favor, cont\u00e1ctanos a trav\u00e9s de info@iotradingtools.com o por tel\u00e9fono al +57 304 2487001.<\/li>\n<\/ul>\n<\/li>\n<\/ul>\n<\/li>\n<\/ul>\n<\/div>\n<\/div>\n<\/div>\n<\/div>\n<!-- wp:html \/-->\t\t\t\t\t\t<\/div>\n\t\t\t\t<\/div>\n\t\t\t\t\t<\/div>\n\t\t\t\t<\/div>\n\t\t\t\t<\/div>","protected":false},"excerpt":{"rendered":"<p>Recopilaci\u00f3n de Datos: Recopilamos datos a trav\u00e9s de Google Analytics, AdSense, AdWords, Search Console y Clarity para mejorar la experiencia del usuario en nuestro sitio web. Uso de Datos: Utilizamos los datos recopilados para an\u00e1lisis internos y para personalizar la experiencia del usuario en nuestro sitio web. Compartir Datos: No compartimos la informaci\u00f3n recopilada con&#8211;><\/p>","protected":false},"author":2,"featured_media":0,"parent":0,"menu_order":0,"comment_status":"closed","ping_status":"closed","template":"","meta":{"footnotes":""},"class_list":["post-1124","page","type-page","status-publish","hentry"],"aioseo_notices":[],"jetpack_sharing_enabled":true,"_links":{"self":[{"href":"https:\/\/iotradingtools.com\/en\/wp-json\/wp\/v2\/pages\/1124","targetHints":{"allow":["GET"]}}],"collection":[{"href":"https:\/\/iotradingtools.com\/en\/wp-json\/wp\/v2\/pages"}],"about":[{"href":"https:\/\/iotradingtools.com\/en\/wp-json\/wp\/v2\/types\/page"}],"author":[{"embeddable":true,"href":"https:\/\/iotradingtools.com\/en\/wp-json\/wp\/v2\/users\/2"}],"replies":[{"embeddable":true,"href":"https:\/\/iotradingtools.com\/en\/wp-json\/wp\/v2\/comments?post=1124"}],"version-history":[{"count":10,"href":"https:\/\/iotradingtools.com\/en\/wp-json\/wp\/v2\/pages\/1124\/revisions"}],"predecessor-version":[{"id":1307,"href":"https:\/\/iotradingtools.com\/en\/wp-json\/wp\/v2\/pages\/1124\/revisions\/1307"}],"wp:attachment":[{"href":"https:\/\/iotradingtools.com\/en\/wp-json\/wp\/v2\/media?parent=1124"}],"curies":[{"name":"wp","href":"https:\/\/api.w.org\/{rel}","templated":true}]}}