{"id":1134,"date":"2023-11-04T12:50:05","date_gmt":"2023-11-04T17:50:05","guid":{"rendered":"https:\/\/iotradingtools.com\/?page_id=1134"},"modified":"2024-01-02T16:56:24","modified_gmt":"2024-01-02T21:56:24","slug":"terminos-y-condiciones","status":"publish","type":"page","link":"https:\/\/iotradingtools.com\/en\/terminos-y-condiciones\/","title":{"rendered":"Terms and Conditions"},"content":{"rendered":"<div data-elementor-type=\"wp-page\" data-elementor-id=\"1134\" class=\"elementor elementor-1134\" data-elementor-post-type=\"page\">\n\t\t\t\t<div class=\"elementor-element elementor-element-6ca92ace e-flex e-con-boxed e-con e-parent\" data-id=\"6ca92ace\" data-element_type=\"container\">\n\t\t\t\t\t<div class=\"e-con-inner\">\n\t\t\t\t<div class=\"elementor-element elementor-element-75c1eb3e elementor-widget elementor-widget-text-editor\" data-id=\"75c1eb3e\" data-element_type=\"widget\" data-widget_type=\"text-editor.default\">\n\t\t\t\t<div class=\"elementor-widget-container\">\n\t\t\t<style>\/*! elementor - v3.21.0 - 26-05-2024 *\/\n.elementor-widget-text-editor.elementor-drop-cap-view-stacked .elementor-drop-cap{background-color:#69727d;color:#fff}.elementor-widget-text-editor.elementor-drop-cap-view-framed .elementor-drop-cap{color:#69727d;border:3px solid;background-color:transparent}.elementor-widget-text-editor:not(.elementor-drop-cap-view-default) .elementor-drop-cap{margin-top:8px}.elementor-widget-text-editor:not(.elementor-drop-cap-view-default) .elementor-drop-cap-letter{width:1em;height:1em}.elementor-widget-text-editor .elementor-drop-cap{float:left;text-align:center;line-height:1;font-size:50px}.elementor-widget-text-editor .elementor-drop-cap-letter{display:inline-block}<\/style>\t\t\t\t<p>Bienvenido a nuestro sitio web. Si contin\u00faas navegando y utilizando este sitio web, aceptas cumplir y estar sujeto a los siguientes t\u00e9rminos y condiciones de uso, que junto con nuestra pol\u00edtica de privacidad rigen nuestra relaci\u00f3n con respecto a este sitio web. Si no est\u00e1s de acuerdo con alguna parte de estos t\u00e9rminos y condiciones, por favor, no uses nuestro sitio web.<\/p>\n<ol>\n<li>\n<p><strong>Reembolso y Pol\u00edtica de Devoluciones<\/strong><\/p>\n<ul>\n<li>No ofrecemos reembolsos ni devoluciones para productos no tangibles una vez que se ha realizado la compra. Al comprar un producto de nuestro sitio, aceptas que los productos son originales seg\u00fan la oferta del vendedor.<\/li>\n<li>No nos hacemos responsables de los resultados obtenidos mediante el uso de nuestros productos. Todas las declaraciones sobre los productos son promesas del vendedor, no nuestras.<\/li>\n<li>Si solicitas un reembolso o presentas una queja que resulte en un reembolso o cr\u00e9dito, tu acceso a nuestra tienda ser\u00e1 prohibido y tu nombre se incluir\u00e1 en <a href=\"https:\/\/badbuyerlist.org\/\" target=\"_new\">https:\/\/badbuyerlist.org\/<\/a>.<\/li>\n<\/ul>\n<\/li>\n<li>\n<p><strong>Restricciones de Uso<\/strong><\/p>\n<ul>\n<li>No est\u00e1 permitido compartir ni revender nuestros productos. Si se descubre que compartes o revendes nuestros productos, cerraremos tu cuenta y tu IP ser\u00e1 bloqueada sin previo aviso. No recibir\u00e1s actualizaciones para los productos adquiridos.<\/li>\n<\/ul>\n<\/li>\n<li>\n<p><strong>Soporte y Actualizaciones<\/strong><\/p>\n<ul>\n<li>No ofrecemos soporte t\u00e9cnico. Los usuarios son responsables de su propia configuraci\u00f3n y uso de nuestros productos.<\/li>\n<li>Si necesitas soporte o actualizaciones r\u00e1pidas, te recomendamos comprar directamente desde las fuentes oficiales.<\/li>\n<\/ul>\n<\/li>\n<li>\n<p><strong>Se\u00f1ales VIP de Telegram y Discord<\/strong><\/p>\n<ul>\n<li>No garantizamos el funcionamiento continuo de las se\u00f1ales VIP de Telegram o Discord. Debido al alto riesgo de ser expulsados de los canales principales por copiar, no podemos garantizar que las se\u00f1ales funcionen durante el per\u00edodo pagado.<\/li>\n<li>Si el vendedor nos expulsa del canal principal, no ofreceremos reembolsos ni reemplazos para canales similares o diferentes.<\/li>\n<\/ul>\n<\/li>\n<li>\n<p><strong>Responsabilidad del Cliente<\/strong><\/p>\n<ul>\n<li>Todos los clientes de proveedores de se\u00f1ales deben asumir todos los riesgos asociados con el uso de las se\u00f1ales.<\/li>\n<\/ul>\n<\/li>\n<\/ol>\n<p><strong>Nota Importante:<\/strong><\/p>\n<ul>\n<li>La informaci\u00f3n recopilada a trav\u00e9s de Google Analytics, AdSense, AdWords, Search Console y Clarity se utiliza para mejorar nuestro sitio web y no ser\u00e1 compartida ni utilizada para otros fines.<\/li>\n<li>Al aceptar estos t\u00e9rminos y condiciones, tambi\u00e9n aceptas recibir comunicaciones de marketing, incluidas campa\u00f1as de Google e Instagram, relacionadas con nuestros productos y servicios.<\/li>\n<\/ul>\n<p>Al utilizar nuestro sitio web, aceptas estos t\u00e9rminos y condiciones en su totalidad. Si no est\u00e1s de acuerdo con estos t\u00e9rminos, por favor, no uses nuestro sitio web.<\/p>\n<p><strong>Last update: Nov 4, 2023<br \/><\/strong><\/p>\n<!-- wp:html \/-->\t\t\t\t\t\t<\/div>\n\t\t\t\t<\/div>\n\t\t\t\t\t<\/div>\n\t\t\t\t<\/div>\n\t\t<div class=\"elementor-element elementor-element-d0e3e67 e-flex e-con-boxed e-con e-parent\" data-id=\"d0e3e67\" data-element_type=\"container\">\n\t\t\t\t\t<div class=\"e-con-inner\">\n\t\t\t\t\t<\/div>\n\t\t\t\t<\/div>\n\t\t\t\t<\/div>","protected":false},"excerpt":{"rendered":"<p>Bienvenido a nuestro sitio web. Si contin\u00faas navegando y utilizando este sitio web, aceptas cumplir y estar sujeto a los siguientes t\u00e9rminos y condiciones de uso, que junto con nuestra pol\u00edtica de privacidad rigen nuestra relaci\u00f3n con respecto a este sitio web. Si no est\u00e1s de acuerdo con alguna parte de estos t\u00e9rminos y condiciones,&#8211;><\/p>","protected":false},"author":2,"featured_media":0,"parent":0,"menu_order":0,"comment_status":"closed","ping_status":"closed","template":"","meta":{"footnotes":""},"class_list":["post-1134","page","type-page","status-publish","hentry"],"aioseo_notices":[],"jetpack_sharing_enabled":true,"_links":{"self":[{"href":"https:\/\/iotradingtools.com\/en\/wp-json\/wp\/v2\/pages\/1134","targetHints":{"allow":["GET"]}}],"collection":[{"href":"https:\/\/iotradingtools.com\/en\/wp-json\/wp\/v2\/pages"}],"about":[{"href":"https:\/\/iotradingtools.com\/en\/wp-json\/wp\/v2\/types\/page"}],"author":[{"embeddable":true,"href":"https:\/\/iotradingtools.com\/en\/wp-json\/wp\/v2\/users\/2"}],"replies":[{"embeddable":true,"href":"https:\/\/iotradingtools.com\/en\/wp-json\/wp\/v2\/comments?post=1134"}],"version-history":[{"count":6,"href":"https:\/\/iotradingtools.com\/en\/wp-json\/wp\/v2\/pages\/1134\/revisions"}],"predecessor-version":[{"id":1573,"href":"https:\/\/iotradingtools.com\/en\/wp-json\/wp\/v2\/pages\/1134\/revisions\/1573"}],"wp:attachment":[{"href":"https:\/\/iotradingtools.com\/en\/wp-json\/wp\/v2\/media?parent=1134"}],"curies":[{"name":"wp","href":"https:\/\/api.w.org\/{rel}","templated":true}]}}