{"id":333,"date":"2021-09-13T08:08:15","date_gmt":"2021-09-13T08:08:15","guid":{"rendered":"https:\/\/jupiterx.artbees.net\/accountant\/shop\/"},"modified":"2023-11-21T14:04:16","modified_gmt":"2023-11-21T19:04:16","slug":"shop","status":"publish","type":"page","link":"https:\/\/iotradingtools.com\/en\/shop\/","title":{"rendered":"Store"},"content":{"rendered":"","protected":false},"excerpt":{"rendered":"<p>Potencia tu trading con Bots EA de alta calidad y servicios exclusivos. \u00a1Gesti\u00f3n de cuentas, mentor\u00eda y m\u00e1s! Desc\u00fabrelo ahora.<\/p>","protected":false},"author":2,"featured_media":1184,"parent":0,"menu_order":0,"comment_status":"closed","ping_status":"closed","template":"","meta":{"footnotes":""},"class_list":["post-333","page","type-page","status-publish","has-post-thumbnail","hentry"],"aioseo_notices":[],"jetpack_sharing_enabled":true,"_links":{"self":[{"href":"https:\/\/iotradingtools.com\/en\/wp-json\/wp\/v2\/pages\/333","targetHints":{"allow":["GET"]}}],"collection":[{"href":"https:\/\/iotradingtools.com\/en\/wp-json\/wp\/v2\/pages"}],"about":[{"href":"https:\/\/iotradingtools.com\/en\/wp-json\/wp\/v2\/types\/page"}],"author":[{"embeddable":true,"href":"https:\/\/iotradingtools.com\/en\/wp-json\/wp\/v2\/users\/2"}],"replies":[{"embeddable":true,"href":"https:\/\/iotradingtools.com\/en\/wp-json\/wp\/v2\/comments?post=333"}],"version-history":[{"count":2,"href":"https:\/\/iotradingtools.com\/en\/wp-json\/wp\/v2\/pages\/333\/revisions"}],"predecessor-version":[{"id":1367,"href":"https:\/\/iotradingtools.com\/en\/wp-json\/wp\/v2\/pages\/333\/revisions\/1367"}],"wp:featuredmedia":[{"embeddable":true,"href":"https:\/\/iotradingtools.com\/en\/wp-json\/wp\/v2\/media\/1184"}],"wp:attachment":[{"href":"https:\/\/iotradingtools.com\/en\/wp-json\/wp\/v2\/media?parent=333"}],"curies":[{"name":"wp","href":"https:\/\/api.w.org\/{rel}","templated":true}]}}