{"id":1465,"date":"2023-11-23T11:17:21","date_gmt":"2023-11-23T16:17:21","guid":{"rendered":"https:\/\/iotradingtools.com\/?post_type=product&#038;p=1465"},"modified":"2024-06-11T15:22:56","modified_gmt":"2024-06-11T20:22:56","slug":"greezly-bot-pro-ea","status":"publish","type":"product","link":"https:\/\/iotradingtools.com\/en\/product\/greezly-bot-pro-ea\/","title":{"rendered":"Greezly Bot Pro EA"},"content":{"rendered":"<p>Greezly Bot Pro EA es un asesor experto Forex totalmente automatizado. Con casi dos a\u00f1os de funcionamiento continuo en cuentas reales, ha entregado un impresionante crecimiento del 100%, verificado por resultados en la se\u00f1al de MQL5.<\/p>\n<p>Este EA utiliza el an\u00e1lisis de velas para guiar sus decisiones comerciales. Abre nuevas operaciones despu\u00e9s de cerrar positivamente la primera posici\u00f3n y activa su algoritmo de salida de beneficios si las cotizaciones se mueven en sentido contrario. Al agregar nuevas operaciones al mercado, el tama\u00f1o aumenta mediante m\u00e9todos promedio o Martingale, asegurando resultados rentables.<\/p>\n<p>Para aquellos que prefieren evitar la Martingala, el Greezly Bot EA ofrece opciones de personalizaci\u00f3n a trav\u00e9s de par\u00e1metros de entrada. Esto permite a los usuarios adaptar las estrategias del software a sus preferencias comerciales y apetito de riesgo.<\/p>\n<p>El Greezly Bot Pro EA combina la martingala con otros m\u00e9todos para lograr un alto retorno de la inversi\u00f3n (ROI). Es esencial tener en cuenta que hay riesgos asociados, y el beneficio mensual depende del tama\u00f1o del lote y del valor del riesgo del usuario.<\/p>\n<h2 style=\"text-align: center;\"><em>\u00a1Compra Greezly Bot Pro EA ahora y personaliza tu experiencia de trading!<\/em><\/h2>","protected":false},"excerpt":{"rendered":"<p>Greezly Bot Pro EA Forex automatizado con an\u00e1lisis de velas.<\/p>\n<h2>\u00a1Experimenta un crecimiento del 100% verificado en cuentas reales!<\/h2>","protected":false},"featured_media":1466,"comment_status":"open","ping_status":"closed","template":"","meta":[],"product_cat":[53],"product_tag":[154,151,156,136,114,152,155,153,149],"class_list":{"0":"post-1465","1":"product","2":"type-product","3":"status-publish","4":"has-post-thumbnail","6":"product_cat-bots-ea","7":"product_tag-all-pairs","8":"product_tag-bajo-riesgo","9":"product_tag-customizable","10":"product_tag-ea","11":"product_tag-forex","12":"product_tag-ganancias","13":"product_tag-gold","14":"product_tag-metatrader-4","15":"product_tag-robot","17":"first","18":"outofstock","19":"downloadable","20":"virtual","21":"purchasable","22":"product-type-simple"},"aioseo_notices":[],"jetpack_sharing_enabled":true,"_links":{"self":[{"href":"https:\/\/iotradingtools.com\/en\/wp-json\/wp\/v2\/product\/1465","targetHints":{"allow":["GET"]}}],"collection":[{"href":"https:\/\/iotradingtools.com\/en\/wp-json\/wp\/v2\/product"}],"about":[{"href":"https:\/\/iotradingtools.com\/en\/wp-json\/wp\/v2\/types\/product"}],"replies":[{"embeddable":true,"href":"https:\/\/iotradingtools.com\/en\/wp-json\/wp\/v2\/comments?post=1465"}],"wp:featuredmedia":[{"embeddable":true,"href":"https:\/\/iotradingtools.com\/en\/wp-json\/wp\/v2\/media\/1466"}],"wp:attachment":[{"href":"https:\/\/iotradingtools.com\/en\/wp-json\/wp\/v2\/media?parent=1465"}],"wp:term":[{"taxonomy":"product_cat","embeddable":true,"href":"https:\/\/iotradingtools.com\/en\/wp-json\/wp\/v2\/product_cat?post=1465"},{"taxonomy":"product_tag","embeddable":true,"href":"https:\/\/iotradingtools.com\/en\/wp-json\/wp\/v2\/product_tag?post=1465"}],"curies":[{"name":"wp","href":"https:\/\/api.w.org\/{rel}","templated":true}]}}