{"id":1510,"date":"2023-12-15T10:37:49","date_gmt":"2023-12-15T15:37:49","guid":{"rendered":"https:\/\/iotradingtools.com\/?post_type=product&#038;p=1510"},"modified":"2023-12-15T15:48:10","modified_gmt":"2023-12-15T20:48:10","slug":"us30-vip-trading-channel","status":"publish","type":"product","link":"https:\/\/iotradingtools.com\/en\/product\/us30-vip-trading-channel\/","title":{"rendered":"US30 VIP Eagle Trading Channel \/ month"},"content":{"rendered":"<p>Este es un servicio de se\u00f1al de Telegram<br \/>\nObtendr\u00e1s acceso a la se\u00f1al (Acceso Mensual)<\/p>\n<p><strong>Acceso Mensual a Se\u00f1ales de Alto Rendimiento:<\/strong> \u00danete para recibir se\u00f1ales mensuales en tiempo real para U530, NAS100 y HAUAD. Inicia, cancela o verifica tu suscripci\u00f3n en cualquier momento. Corredor: Eagle Fx<\/p>\n<p><strong>Diversidad de Operaciones:<\/strong> Experimenta con distintos estilos de trading, desde especulaci\u00f3n intrad\u00eda hasta operaciones de posici\u00f3n. Nuestro enfoque vers\u00e1til se adapta a tus preferencias.<\/p>\n<p><strong>An\u00e1lisis Integral:<\/strong> Recibe actualizaciones de noticias y an\u00e1lisis t\u00e9cnico y fundamental de Forex. Mantente informado para tomar decisiones estrat\u00e9gicas.<\/p>\n<p><strong>Gesti\u00f3n de Riesgos Prioritaria:<\/strong> Enfocados en la seguridad de tus inversiones, aplicamos una disposici\u00f3n m\u00e1xima del 15%. Nuestro equipo con m\u00e1s de 15 a\u00f1os de experiencia garantiza un enfoque prudente y preciso.<\/p>\n<p><strong>Precisi\u00f3n Inigualable:<\/strong> Experimenta una precisi\u00f3n promedio del +94%, respaldada por resultados comprobados. \u00a1Sin reembolsos, solo resultados confiables!<\/p>\n<p><strong>Suscripciones Recurrentes:<\/strong> Las suscripciones de 30 d\u00edas son autom\u00e1ticas. Te cobraremos en cada ciclo de facturaci\u00f3n, pero puedes cancelar en cualquier momento. Para gestionar tu suscripci\u00f3n, simplemente escribe \u00ab\/status\u00bb en el bot.<\/p>\n<p><strong>Cancelaci\u00f3n Sin Complicaciones:<\/strong> Cancela tu suscripci\u00f3n o verifica su estado con facilidad. La transparencia es clave.<\/p>\n<p><strong>Pol\u00edtica de Reembolso:<\/strong> Antes de unirte, lee atentamente nuestra pol\u00edtica de cancelaci\u00f3n y reembolso en el grupo. Tu aceptaci\u00f3n es requerida para iniciar tu suscripci\u00f3n.<\/p>\n<p>\u00a1Potencia tu trading con nosotros y \u00fanete a la \u00e9lite del US30 VIP Trading Channel ahora! \ud83d\ude80\ud83d\udcb9<\/p>\n<div class=\"min-h-[20px] text-message flex flex-col items-start gap-3 whitespace-pre-wrap break-words [.text-message+&amp;]:mt-5 overflow-x-auto\" data-message-author-role=\"assistant\" data-message-id=\"fa511f81-6add-4c8d-82dd-f4a386616278\">\n<div><\/div>\n<\/div>","protected":false},"excerpt":{"rendered":"<div class=\"flex flex-grow flex-col max-w-full\">\n<div class=\"min-h-[20px] text-message flex flex-col items-start gap-3 whitespace-pre-wrap break-words [.text-message+&amp;]:mt-5 overflow-x-auto\" data-message-author-role=\"assistant\" data-message-id=\"fa511f81-6add-4c8d-82dd-f4a386616278\">\n<div class=\"markdown prose w-full break-words dark:prose-invert dark\">\n<p>\u00a1Bienvenido a nuestro exclusivo US30 VIP Trading Channel!<\/p>\n<p>Este grupo est\u00e1 dise\u00f1ado para traders que buscan aprovechar al m\u00e1ximo las oportunidades en el mercado del US30.<\/p>\n<p>\u00danete a nosotros y experimenta el trading de manera \u00fanica con beneficios exclusivos.<\/p>\n<\/div>\n<\/div>\n<\/div>","protected":false},"featured_media":1526,"comment_status":"open","ping_status":"closed","template":"","meta":[],"product_cat":[176],"product_tag":[188,179,183,184,182,181,178,187,177,186,180,185],"class_list":{"0":"post-1510","1":"product","2":"type-product","3":"status-publish","4":"has-post-thumbnail","6":"product_cat-senales-de-trading","7":"product_tag-analisis-tecnico-financiero","8":"product_tag-analisis-tecnico-y-mas-unete-ahora-al-us30-vip-trading-channel","9":"product_tag-eagle-fx-senales","10":"product_tag-gestion-de-riesgos-forex","11":"product_tag-hauad-estrategias","12":"product_tag-nas100-analisis","13":"product_tag-nas100-y-hauad-gestion-de-riesgos","14":"product_tag-noticias-forex","15":"product_tag-potencia-tu-trading-con-senales-vip-en-us30","16":"product_tag-swing-trading-senales","17":"product_tag-trading-en-tiempo-real","18":"product_tag-trading-intradia","20":"first","21":"instock","22":"sale","23":"virtual","24":"purchasable","25":"product-type-simple"},"aioseo_notices":[],"jetpack_sharing_enabled":true,"_links":{"self":[{"href":"https:\/\/iotradingtools.com\/en\/wp-json\/wp\/v2\/product\/1510","targetHints":{"allow":["GET"]}}],"collection":[{"href":"https:\/\/iotradingtools.com\/en\/wp-json\/wp\/v2\/product"}],"about":[{"href":"https:\/\/iotradingtools.com\/en\/wp-json\/wp\/v2\/types\/product"}],"replies":[{"embeddable":true,"href":"https:\/\/iotradingtools.com\/en\/wp-json\/wp\/v2\/comments?post=1510"}],"wp:featuredmedia":[{"embeddable":true,"href":"https:\/\/iotradingtools.com\/en\/wp-json\/wp\/v2\/media\/1526"}],"wp:attachment":[{"href":"https:\/\/iotradingtools.com\/en\/wp-json\/wp\/v2\/media?parent=1510"}],"wp:term":[{"taxonomy":"product_cat","embeddable":true,"href":"https:\/\/iotradingtools.com\/en\/wp-json\/wp\/v2\/product_cat?post=1510"},{"taxonomy":"product_tag","embeddable":true,"href":"https:\/\/iotradingtools.com\/en\/wp-json\/wp\/v2\/product_tag?post=1510"}],"curies":[{"name":"wp","href":"https:\/\/api.w.org\/{rel}","templated":true}]}}