{"id":1514,"date":"2023-12-15T13:55:31","date_gmt":"2023-12-15T18:55:31","guid":{"rendered":"https:\/\/iotradingtools.com\/?post_type=product&#038;p=1514"},"modified":"2023-12-15T15:44:21","modified_gmt":"2023-12-15T20:44:21","slug":"matshidiso-traders-vip-signal","status":"publish","type":"product","link":"https:\/\/iotradingtools.com\/en\/product\/matshidiso-traders-vip-signal\/","title":{"rendered":"Matshidiso Traders VIP Signal \/month"},"content":{"rendered":"<p>\u00a1Tu socio en el \u00e9xito financiero!<\/p>\n<p>\ud83d\ude80 Obt\u00e9n se\u00f1ales de trading de por vida a trav\u00e9s de nuestro servicio Telegram. \u00danete a nuestro grupo VIP<\/p>\n<p>\u2714\ufe0f <strong>Incluye:<\/strong><\/p>\n<ul>\n<li>3 se\u00f1ales diarias<\/li>\n<li>Se\u00f1ales fundamentales<\/li>\n<li>Plan de gesti\u00f3n de riesgos<\/li>\n<li>Operaciones en NASDAQ, US30, GER30, EURUSD, XAUUSD<\/li>\n<\/ul>\n<p>\u00a1Convi\u00e9rtete en un trader profesional con Matshidiso Traders VIP Signal! \ud83d\udcc8\u2728<\/p>","protected":false},"excerpt":{"rendered":"<p>Las mejores se\u00f1ales de trading dia a dia.<\/p>\n<p>\u00a1Transforma tu camino financiero con nuestras se\u00f1ales VIP!<\/p>","protected":false},"featured_media":1524,"comment_status":"open","ping_status":"closed","template":"","meta":[],"product_cat":[176],"product_tag":[195,194,191,190,189,59,192,196,193],"class_list":{"0":"post-1514","1":"product","2":"type-product","3":"status-publish","4":"has-post-thumbnail","6":"product_cat-senales-de-trading","7":"product_tag-financialfreedom","8":"product_tag-forexsignals","9":"product_tag-matshidiso-traders-vip-signal","10":"product_tag-matshidisotradersvipsignal","11":"product_tag-senalesvip","12":"product_tag-trading","13":"product_tag-tradingsignals","14":"product_tag-tradingsuccess","15":"product_tag-vipsignals","17":"first","18":"instock","19":"sale","20":"virtual","21":"purchasable","22":"product-type-simple"},"aioseo_notices":[],"jetpack_sharing_enabled":true,"_links":{"self":[{"href":"https:\/\/iotradingtools.com\/en\/wp-json\/wp\/v2\/product\/1514","targetHints":{"allow":["GET"]}}],"collection":[{"href":"https:\/\/iotradingtools.com\/en\/wp-json\/wp\/v2\/product"}],"about":[{"href":"https:\/\/iotradingtools.com\/en\/wp-json\/wp\/v2\/types\/product"}],"replies":[{"embeddable":true,"href":"https:\/\/iotradingtools.com\/en\/wp-json\/wp\/v2\/comments?post=1514"}],"wp:featuredmedia":[{"embeddable":true,"href":"https:\/\/iotradingtools.com\/en\/wp-json\/wp\/v2\/media\/1524"}],"wp:attachment":[{"href":"https:\/\/iotradingtools.com\/en\/wp-json\/wp\/v2\/media?parent=1514"}],"wp:term":[{"taxonomy":"product_cat","embeddable":true,"href":"https:\/\/iotradingtools.com\/en\/wp-json\/wp\/v2\/product_cat?post=1514"},{"taxonomy":"product_tag","embeddable":true,"href":"https:\/\/iotradingtools.com\/en\/wp-json\/wp\/v2\/product_tag?post=1514"}],"curies":[{"name":"wp","href":"https:\/\/api.w.org\/{rel}","templated":true}]}}