{"id":1520,"date":"2023-12-15T15:22:42","date_gmt":"2023-12-15T20:22:42","guid":{"rendered":"https:\/\/iotradingtools.com\/?post_type=product&#038;p=1520"},"modified":"2024-02-13T05:16:37","modified_gmt":"2024-02-13T10:16:37","slug":"rio-traders-gold-us30-oil-signal-mes","status":"publish","type":"product","link":"https:\/\/iotradingtools.com\/en\/product\/rio-traders-gold-us30-oil-signal-mes\/","title":{"rendered":"Rio Traders GOLD US30 OIL Signal \/month"},"content":{"rendered":"<p>Emb\u00e1rcate en un viaje hacia el \u00e9xito financiero con Rio Traders!<\/p>\n<p>Nuestro exclusivo grupo de se\u00f1ales para oro, US30 y petr\u00f3leo te ofrece la oportunidad de recibir de 1 a 5 se\u00f1ales diarias que podr\u00edan impulsar tus ganancias hasta 2000 pips por semana.<\/p>\n<p>\u00bfLo mejor?<\/p>\n<p>Con estrategias cuidadosamente dise\u00f1adas por traders profesionales, nuestras se\u00f1ales han sido la clave del \u00e9xito para muchos.<\/p>\n<p>\u00a1No dejes pasar esta oferta \u00fanica y \u00fanete a Rio Traders para transformar tu experiencia de trading<\/p>\n<p><img decoding=\"async\" class=\"alignnone size-medium wp-image-1523\" src=\"https:\/\/iotradingtools.com\/wp-content\/uploads\/2023\/12\/RioTraders-home-157x300.png\" alt=\"\" width=\"157\" height=\"300\" srcset=\"https:\/\/iotradingtools.com\/wp-content\/uploads\/2023\/12\/RioTraders-home-157x300.png 157w, https:\/\/iotradingtools.com\/wp-content\/uploads\/2023\/12\/RioTraders-home-564x1080.png 564w, https:\/\/iotradingtools.com\/wp-content\/uploads\/2023\/12\/RioTraders-home-78x150.png 78w, https:\/\/iotradingtools.com\/wp-content\/uploads\/2023\/12\/RioTraders-home-768x1471.png 768w, https:\/\/iotradingtools.com\/wp-content\/uploads\/2023\/12\/RioTraders-home-802x1536.png 802w, https:\/\/iotradingtools.com\/wp-content\/uploads\/2023\/12\/RioTraders-home-6x12.png 6w, https:\/\/iotradingtools.com\/wp-content\/uploads\/2023\/12\/RioTraders-home-510x977.png 510w, https:\/\/iotradingtools.com\/wp-content\/uploads\/2023\/12\/RioTraders-home.png 950w\" sizes=\"(max-width: 157px) 100vw, 157px\" \/><\/p>","protected":false},"excerpt":{"rendered":"<p>\u00danete a Rio Traders para recibir de 1 a 5 se\u00f1ales diarias en ORO, US30 y petr\u00f3leo OIL.<\/p>\n<p>\u00a1Aprovecha el descuento mensual! \ud83d\udcca\ud83d\udcb0<\/p>","protected":false},"featured_media":1525,"comment_status":"open","ping_status":"closed","template":"","meta":[],"product_cat":[176],"product_tag":[194,155,197,203,199,130,204,202,201,200,198],"class_list":{"0":"post-1520","1":"product","2":"type-product","3":"status-publish","4":"has-post-thumbnail","6":"product_cat-senales-de-trading","7":"product_tag-forexsignals","8":"product_tag-gold","9":"product_tag-goldsignals","10":"product_tag-oil","11":"product_tag-oilsignals","12":"product_tag-oro","13":"product_tag-petroleo","14":"product_tag-profitablesignals","15":"product_tag-riotraders","16":"product_tag-tradingalerts","17":"product_tag-us30signals","19":"first","20":"instock","21":"sale","22":"virtual","23":"purchasable","24":"product-type-simple"},"aioseo_notices":[],"jetpack_sharing_enabled":true,"_links":{"self":[{"href":"https:\/\/iotradingtools.com\/en\/wp-json\/wp\/v2\/product\/1520","targetHints":{"allow":["GET"]}}],"collection":[{"href":"https:\/\/iotradingtools.com\/en\/wp-json\/wp\/v2\/product"}],"about":[{"href":"https:\/\/iotradingtools.com\/en\/wp-json\/wp\/v2\/types\/product"}],"replies":[{"embeddable":true,"href":"https:\/\/iotradingtools.com\/en\/wp-json\/wp\/v2\/comments?post=1520"}],"wp:featuredmedia":[{"embeddable":true,"href":"https:\/\/iotradingtools.com\/en\/wp-json\/wp\/v2\/media\/1525"}],"wp:attachment":[{"href":"https:\/\/iotradingtools.com\/en\/wp-json\/wp\/v2\/media?parent=1520"}],"wp:term":[{"taxonomy":"product_cat","embeddable":true,"href":"https:\/\/iotradingtools.com\/en\/wp-json\/wp\/v2\/product_cat?post=1520"},{"taxonomy":"product_tag","embeddable":true,"href":"https:\/\/iotradingtools.com\/en\/wp-json\/wp\/v2\/product_tag?post=1520"}],"curies":[{"name":"wp","href":"https:\/\/api.w.org\/{rel}","templated":true}]}}