{"id":1530,"date":"2023-12-15T17:54:38","date_gmt":"2023-12-15T22:54:38","guid":{"rendered":"https:\/\/iotradingtools.com\/?post_type=product&#038;p=1530"},"modified":"2023-12-15T17:54:39","modified_gmt":"2023-12-15T22:54:39","slug":"tesla-forex-signals-vip","status":"publish","type":"product","link":"https:\/\/iotradingtools.com\/en\/product\/tesla-forex-signals-vip\/","title":{"rendered":"Tesla Forex Signals VIP"},"content":{"rendered":"<p>Con un rendimiento excepcional, entregamos hasta 8 se\u00f1ales diarias en los mercados m\u00e1s populares, incluyendo majors, minores y metales preciosos. Nuestro equipo de traders expertos utiliza an\u00e1lisis t\u00e9cnico y fundamental para proporcionarte operaciones de alta calidad.<\/p>\n<p>Obt\u00e9n una ventaja en tus decisiones comerciales con nuestra suscripci\u00f3n mensual<\/p>\n<p>\u00a1\u00danete a la \u00e9lite de Tesla Forex Signals VIP y lleva tu trading al siguiente nivel!<\/p>","protected":false},"excerpt":{"rendered":"<p>Con un rendimiento excepcional, entregamos hasta 8 se\u00f1ales diarias en los mercados m\u00e1s populares<\/p>","protected":false},"featured_media":1531,"comment_status":"open","ping_status":"closed","template":"","meta":[],"product_cat":[176],"product_tag":[209,205,207,206,208],"class_list":{"0":"post-1530","1":"product","2":"type-product","3":"status-publish","4":"has-post-thumbnail","6":"product_cat-senales-de-trading","7":"product_tag-exitofinanciero","8":"product_tag-senales-forex-de-elite","9":"product_tag-senalesforex","10":"product_tag-teslaforexsignals","11":"product_tag-tradingvip","13":"first","14":"instock","15":"sale","16":"virtual","17":"purchasable","18":"product-type-simple"},"aioseo_notices":[],"jetpack_sharing_enabled":true,"_links":{"self":[{"href":"https:\/\/iotradingtools.com\/en\/wp-json\/wp\/v2\/product\/1530","targetHints":{"allow":["GET"]}}],"collection":[{"href":"https:\/\/iotradingtools.com\/en\/wp-json\/wp\/v2\/product"}],"about":[{"href":"https:\/\/iotradingtools.com\/en\/wp-json\/wp\/v2\/types\/product"}],"replies":[{"embeddable":true,"href":"https:\/\/iotradingtools.com\/en\/wp-json\/wp\/v2\/comments?post=1530"}],"wp:featuredmedia":[{"embeddable":true,"href":"https:\/\/iotradingtools.com\/en\/wp-json\/wp\/v2\/media\/1531"}],"wp:attachment":[{"href":"https:\/\/iotradingtools.com\/en\/wp-json\/wp\/v2\/media?parent=1530"}],"wp:term":[{"taxonomy":"product_cat","embeddable":true,"href":"https:\/\/iotradingtools.com\/en\/wp-json\/wp\/v2\/product_cat?post=1530"},{"taxonomy":"product_tag","embeddable":true,"href":"https:\/\/iotradingtools.com\/en\/wp-json\/wp\/v2\/product_tag?post=1530"}],"curies":[{"name":"wp","href":"https:\/\/api.w.org\/{rel}","templated":true}]}}