{"id":1540,"date":"2023-12-17T21:12:30","date_gmt":"2023-12-18T02:12:30","guid":{"rendered":"https:\/\/iotradingtools.com\/?post_type=product&#038;p=1540"},"modified":"2024-01-18T12:28:13","modified_gmt":"2024-01-18T17:28:13","slug":"new-gold-intraday-vip%f0%9f%92%b0-premium-quality-signals","status":"publish","type":"product","link":"https:\/\/iotradingtools.com\/en\/product\/new-gold-intraday-vip%f0%9f%92%b0-premium-quality-signals\/","title":{"rendered":"NEW GOLD INTRADAY VIP\ud83d\udcb0 Premium Quality Signals"},"content":{"rendered":"<p>Descubre una nueva dimensi\u00f3n en el trading intrad\u00eda de oro con New Gold Intraday VIP.<\/p>\n<h3>Experimenta la garant\u00eda de rentabilidad con nuestras se\u00f1ales premium.<\/h3>\n<p>\u00danete a un grupo exclusivo de inversores que maximizan sus ganancias con decisiones informadas. Con un enfoque en la calidad, ofrecemos oportunidades de trading excepcionales respaldadas por an\u00e1lisis intrincados. Nuestro servicio VIP te asegura una experiencia de se\u00f1ales m\u00e1s all\u00e1 de lo convencional, brind\u00e1ndote la tranquilidad de una rentabilidad s\u00f3lida. \u00danete ahora y eleva tu estrategia de trading a nuevas alturas. \ud83d\udcbc\ud83d\udcca\ud83d\udcb0<\/p>","protected":false},"excerpt":{"rendered":"<p>Descubre oportunidades de trading de oro excepcionales con New Gold Intraday VIP. Se\u00f1ales Premium para inversores serios.<\/p>\n<p>\u00a1Maximiza tu potencial financiero ahora! \ud83d\udcc8\ud83d\udcb0<\/p>","protected":false},"featured_media":1541,"comment_status":"open","ping_status":"closed","template":"","meta":[],"product_cat":[176],"product_tag":[210,212,211,208],"class_list":{"0":"post-1540","1":"product","2":"type-product","3":"status-publish","4":"has-post-thumbnail","6":"product_cat-senales-de-trading","7":"product_tag-goldtrading","8":"product_tag-oportunidadesoro","9":"product_tag-senalesintraday","10":"product_tag-tradingvip","12":"first","13":"instock","14":"sale","15":"virtual","16":"purchasable","17":"product-type-simple"},"aioseo_notices":[],"jetpack_sharing_enabled":true,"_links":{"self":[{"href":"https:\/\/iotradingtools.com\/en\/wp-json\/wp\/v2\/product\/1540","targetHints":{"allow":["GET"]}}],"collection":[{"href":"https:\/\/iotradingtools.com\/en\/wp-json\/wp\/v2\/product"}],"about":[{"href":"https:\/\/iotradingtools.com\/en\/wp-json\/wp\/v2\/types\/product"}],"replies":[{"embeddable":true,"href":"https:\/\/iotradingtools.com\/en\/wp-json\/wp\/v2\/comments?post=1540"}],"wp:featuredmedia":[{"embeddable":true,"href":"https:\/\/iotradingtools.com\/en\/wp-json\/wp\/v2\/media\/1541"}],"wp:attachment":[{"href":"https:\/\/iotradingtools.com\/en\/wp-json\/wp\/v2\/media?parent=1540"}],"wp:term":[{"taxonomy":"product_cat","embeddable":true,"href":"https:\/\/iotradingtools.com\/en\/wp-json\/wp\/v2\/product_cat?post=1540"},{"taxonomy":"product_tag","embeddable":true,"href":"https:\/\/iotradingtools.com\/en\/wp-json\/wp\/v2\/product_tag?post=1540"}],"curies":[{"name":"wp","href":"https:\/\/api.w.org\/{rel}","templated":true}]}}