{"id":1542,"date":"2023-12-19T05:15:01","date_gmt":"2023-12-19T10:15:01","guid":{"rendered":"https:\/\/iotradingtools.com\/?post_type=product&#038;p=1542"},"modified":"2023-12-19T05:21:45","modified_gmt":"2023-12-19T10:21:45","slug":"a-forex-king-pro-vip-signal-channel","status":"publish","type":"product","link":"https:\/\/iotradingtools.com\/en\/product\/a-forex-king-pro-vip-signal-channel\/","title":{"rendered":"A Forex King Pro VIP Signal Channel"},"content":{"rendered":"<p>TUS PR\u00d3XIMOS 6 MESES VAN A SER M\u00c1S RENTABLES QUE TUS \u00daLTIMOS 6 MESES.<\/p>\n<p>Si no est\u00e1s en VIP te est\u00e1s perdiendo mucho.<\/p>\n<p>Pago \u00fanico de por vida o hasta cambio de pol\u00edticas.<\/p>\n<p>Paquete por a\u00f1o Diariamente de 5 a 7 se\u00f1ales Precisi\u00f3n del 95% al \u200b\u200b100%.<\/p>\n<p><img fetchpriority=\"high\" decoding=\"async\" class=\"size-medium wp-image-1546\" src=\"https:\/\/iotradingtools.com\/wp-content\/uploads\/2023\/12\/A-Forex-King-Pro-VIP-Signal-Channel-compartir-283x300.jpg\" alt=\"\" width=\"283\" height=\"300\" srcset=\"https:\/\/iotradingtools.com\/wp-content\/uploads\/2023\/12\/A-Forex-King-Pro-VIP-Signal-Channel-compartir-283x300.jpg 283w, https:\/\/iotradingtools.com\/wp-content\/uploads\/2023\/12\/A-Forex-King-Pro-VIP-Signal-Channel-compartir-142x150.jpg 142w, https:\/\/iotradingtools.com\/wp-content\/uploads\/2023\/12\/A-Forex-King-Pro-VIP-Signal-Channel-compartir-768x813.jpg 768w, https:\/\/iotradingtools.com\/wp-content\/uploads\/2023\/12\/A-Forex-King-Pro-VIP-Signal-Channel-compartir-11x12.jpg 11w, https:\/\/iotradingtools.com\/wp-content\/uploads\/2023\/12\/A-Forex-King-Pro-VIP-Signal-Channel-compartir-510x540.jpg 510w, https:\/\/iotradingtools.com\/wp-content\/uploads\/2023\/12\/A-Forex-King-Pro-VIP-Signal-Channel-compartir.jpg 950w\" sizes=\"(max-width: 283px) 100vw, 283px\" \/><\/p>","protected":false},"excerpt":{"rendered":"<p>Maximiza ganancias con A Forex King Pro VIP. \u00a15-7 se\u00f1ales diarias, precisi\u00f3n 95-100%!<br \/>\n\u00danete al VIP para un a\u00f1o \u00e9pico de trading.<\/p>","protected":false},"featured_media":1543,"comment_status":"open","ping_status":"closed","template":"","meta":[],"product_cat":[176],"product_tag":[209,216,213,215,214],"class_list":{"0":"post-1542","1":"product","2":"type-product","3":"status-publish","4":"has-post-thumbnail","6":"product_cat-senales-de-trading","7":"product_tag-exitofinanciero","8":"product_tag-forexpro","9":"product_tag-forexvip","10":"product_tag-rentabilidad","11":"product_tag-senalesdetrading","13":"first","14":"instock","15":"sale","16":"virtual","17":"purchasable","18":"product-type-simple"},"aioseo_notices":[],"jetpack_sharing_enabled":true,"_links":{"self":[{"href":"https:\/\/iotradingtools.com\/en\/wp-json\/wp\/v2\/product\/1542","targetHints":{"allow":["GET"]}}],"collection":[{"href":"https:\/\/iotradingtools.com\/en\/wp-json\/wp\/v2\/product"}],"about":[{"href":"https:\/\/iotradingtools.com\/en\/wp-json\/wp\/v2\/types\/product"}],"replies":[{"embeddable":true,"href":"https:\/\/iotradingtools.com\/en\/wp-json\/wp\/v2\/comments?post=1542"}],"wp:featuredmedia":[{"embeddable":true,"href":"https:\/\/iotradingtools.com\/en\/wp-json\/wp\/v2\/media\/1543"}],"wp:attachment":[{"href":"https:\/\/iotradingtools.com\/en\/wp-json\/wp\/v2\/media?parent=1542"}],"wp:term":[{"taxonomy":"product_cat","embeddable":true,"href":"https:\/\/iotradingtools.com\/en\/wp-json\/wp\/v2\/product_cat?post=1542"},{"taxonomy":"product_tag","embeddable":true,"href":"https:\/\/iotradingtools.com\/en\/wp-json\/wp\/v2\/product_tag?post=1542"}],"curies":[{"name":"wp","href":"https:\/\/api.w.org\/{rel}","templated":true}]}}