{"id":1549,"date":"2023-12-19T05:52:17","date_gmt":"2023-12-19T10:52:17","guid":{"rendered":"https:\/\/iotradingtools.com\/?post_type=product&#038;p=1549"},"modified":"2024-01-18T12:25:50","modified_gmt":"2024-01-18T17:25:50","slug":"gold-killer-premium-vip-signal-channel","status":"publish","type":"product","link":"https:\/\/iotradingtools.com\/en\/product\/gold-killer-premium-vip-signal-channel\/","title":{"rendered":"Gold Killer Premium VIP Signal Channel"},"content":{"rendered":"<p>Se\u00f1al VIP ORO funcionando con ganancias de m\u00e1s de 45 pips<\/p>\n<p>Asesinos de oro &#8211; Servicio de se\u00f1ales Forex<\/p>","protected":false},"excerpt":{"rendered":"<p>Gold Killer Premium VIP: Acceso de por vida a se\u00f1ales de oro. \u00a1M\u00e1s de 45 pips de ganancias! \u00danete al servicio de se\u00f1ales Forex de asesinos de oro.<\/p>\n<p>se\u00f1ales de por vida o hasta cambio de pol\u00edticas.<\/p>","protected":false},"featured_media":1550,"comment_status":"open","ping_status":"closed","template":"","meta":[],"product_cat":[176],"product_tag":[152,221,130,207,193],"class_list":{"0":"post-1549","1":"product","2":"type-product","3":"status-publish","4":"has-post-thumbnail","6":"product_cat-senales-de-trading","7":"product_tag-ganancias","8":"product_tag-goldkillerpremium","9":"product_tag-oro","10":"product_tag-senalesforex","11":"product_tag-vipsignals","13":"first","14":"instock","15":"sale","16":"virtual","17":"purchasable","18":"product-type-simple"},"aioseo_notices":[],"jetpack_sharing_enabled":true,"_links":{"self":[{"href":"https:\/\/iotradingtools.com\/en\/wp-json\/wp\/v2\/product\/1549","targetHints":{"allow":["GET"]}}],"collection":[{"href":"https:\/\/iotradingtools.com\/en\/wp-json\/wp\/v2\/product"}],"about":[{"href":"https:\/\/iotradingtools.com\/en\/wp-json\/wp\/v2\/types\/product"}],"replies":[{"embeddable":true,"href":"https:\/\/iotradingtools.com\/en\/wp-json\/wp\/v2\/comments?post=1549"}],"wp:featuredmedia":[{"embeddable":true,"href":"https:\/\/iotradingtools.com\/en\/wp-json\/wp\/v2\/media\/1550"}],"wp:attachment":[{"href":"https:\/\/iotradingtools.com\/en\/wp-json\/wp\/v2\/media?parent=1549"}],"wp:term":[{"taxonomy":"product_cat","embeddable":true,"href":"https:\/\/iotradingtools.com\/en\/wp-json\/wp\/v2\/product_cat?post=1549"},{"taxonomy":"product_tag","embeddable":true,"href":"https:\/\/iotradingtools.com\/en\/wp-json\/wp\/v2\/product_tag?post=1549"}],"curies":[{"name":"wp","href":"https:\/\/api.w.org\/{rel}","templated":true}]}}