{"id":1551,"date":"2023-12-19T06:03:02","date_gmt":"2023-12-19T11:03:02","guid":{"rendered":"https:\/\/iotradingtools.com\/?post_type=product&#038;p=1551"},"modified":"2024-01-18T12:24:34","modified_gmt":"2024-01-18T17:24:34","slug":"forex-and-gold-pro-vip-signal-channel","status":"publish","type":"product","link":"https:\/\/iotradingtools.com\/en\/product\/forex-and-gold-pro-vip-signal-channel\/","title":{"rendered":"Forex and Gold Pro VIP Signal Channel"},"content":{"rendered":"<p>Ganancia neta 30.955 pips<br \/>\nM\u00e1s de 31.000 pips el a\u00f1o pasado<br \/>\nProgreso de 2022<br \/>\nEnero-diciembre Gold Signal VIP<br \/>\nGanancia Neta 30,955 Pips<br \/>\n\u2713 Con una ganancia promedio de m\u00e1s de 2600 pips cada mes, hemos pasado el 2022.<br \/>\nA\u00fan no es tarde, \u00fanase a Gold Signal VIP y cuente esta cantidad de ganancias cada a\u00f1o.<\/p>\n<p>Mant\u00e9ngase en contacto con nosotros<\/p>\n<p>SE\u00d1AL DE ORO PRO<\/p>\n<p>Se\u00f1ales de por vida o hasta cambio de pol\u00edticas<\/p>","protected":false},"excerpt":{"rendered":"<p>Forex and Gold Pro VIP: Ganancias netas de 30,955 pips. \u00danete a la se\u00f1al VIP de oro para resultados consistentes<\/p>","protected":false},"featured_media":1552,"comment_status":"open","ping_status":"closed","template":"","meta":[],"product_cat":[176],"product_tag":[222,225,223,130,224],"class_list":{"0":"post-1551","1":"product","2":"type-product","3":"status-publish","4":"has-post-thumbnail","6":"product_cat-senales-de-trading","7":"product_tag-forexandgoldprovip","8":"product_tag-gananciasconsistentes","9":"product_tag-gananciaspips","10":"product_tag-oro","11":"product_tag-senalvip","13":"first","14":"instock","15":"sale","16":"virtual","17":"purchasable","18":"product-type-simple"},"aioseo_notices":[],"jetpack_sharing_enabled":true,"_links":{"self":[{"href":"https:\/\/iotradingtools.com\/en\/wp-json\/wp\/v2\/product\/1551","targetHints":{"allow":["GET"]}}],"collection":[{"href":"https:\/\/iotradingtools.com\/en\/wp-json\/wp\/v2\/product"}],"about":[{"href":"https:\/\/iotradingtools.com\/en\/wp-json\/wp\/v2\/types\/product"}],"replies":[{"embeddable":true,"href":"https:\/\/iotradingtools.com\/en\/wp-json\/wp\/v2\/comments?post=1551"}],"wp:featuredmedia":[{"embeddable":true,"href":"https:\/\/iotradingtools.com\/en\/wp-json\/wp\/v2\/media\/1552"}],"wp:attachment":[{"href":"https:\/\/iotradingtools.com\/en\/wp-json\/wp\/v2\/media?parent=1551"}],"wp:term":[{"taxonomy":"product_cat","embeddable":true,"href":"https:\/\/iotradingtools.com\/en\/wp-json\/wp\/v2\/product_cat?post=1551"},{"taxonomy":"product_tag","embeddable":true,"href":"https:\/\/iotradingtools.com\/en\/wp-json\/wp\/v2\/product_tag?post=1551"}],"curies":[{"name":"wp","href":"https:\/\/api.w.org\/{rel}","templated":true}]}}